{"id":516,"date":"2024-05-23T18:33:06","date_gmt":"2024-05-23T18:33:06","guid":{"rendered":"https:\/\/baretocannabismadrid.com\/?page_id=516"},"modified":"2024-05-24T15:07:18","modified_gmt":"2024-05-24T15:07:18","slug":"blog","status":"publish","type":"page","link":"https:\/\/baretocannabismadrid.com\/es\/blog\/","title":{"rendered":"Bareto Cannabis | Blog"},"content":{"rendered":"<div data-elementor-type=\"wp-page\" data-elementor-id=\"516\" class=\"elementor elementor-516\" data-elementor-post-type=\"page\">\n\t\t\t\t\t\t<section class=\"elementor-section elementor-top-section elementor-element elementor-element-632b92c elementor-section-height-min-height elementor-section-boxed elementor-section-height-default elementor-section-items-middle\" data-id=\"632b92c\" data-element_type=\"section\" data-settings=\"{&quot;background_background&quot;:&quot;classic&quot;}\">\n\t\t\t\t\t\t<div class=\"elementor-container elementor-column-gap-default\">\n\t\t\t\t\t<div class=\"elementor-column elementor-col-100 elementor-top-column elementor-element elementor-element-1c3e4f9\" data-id=\"1c3e4f9\" data-element_type=\"column\">\n\t\t\t<div class=\"elementor-widget-wrap elementor-element-populated\">\n\t\t\t\t\t\t<div class=\"elementor-element elementor-element-e37b7d6 elementor-widget elementor-widget-heading\" data-id=\"e37b7d6\" data-element_type=\"widget\" data-widget_type=\"heading.default\">\n\t\t\t\t<div class=\"elementor-widget-container\">\n\t\t\t<h2 class=\"elementor-heading-title elementor-size-default\">BARTO CLUB | BLOG<\/h2>\t\t<\/div>\n\t\t\t\t<\/div>\n\t\t\t\t\t<\/div>\n\t\t<\/div>\n\t\t\t\t\t<\/div>\n\t\t<\/section>\n\t\t\t\t<section class=\"elementor-section elementor-top-section elementor-element elementor-element-f4990e8 elementor-section-boxed elementor-section-height-default elementor-section-height-default\" data-id=\"f4990e8\" data-element_type=\"section\">\n\t\t\t\t\t\t<div class=\"elementor-container elementor-column-gap-default\">\n\t\t\t\t\t<div class=\"elementor-column elementor-col-100 elementor-top-column elementor-element elementor-element-9ffcc38\" data-id=\"9ffcc38\" data-element_type=\"column\">\n\t\t\t<div class=\"elementor-widget-wrap elementor-element-populated\">\n\t\t\t\t\t\t<div class=\"elementor-element elementor-element-3d97f06 elementor-widget elementor-widget-spacer\" data-id=\"3d97f06\" data-element_type=\"widget\" data-widget_type=\"spacer.default\">\n\t\t\t\t<div class=\"elementor-widget-container\">\n\t\t\t\t\t<div class=\"elementor-spacer\">\n\t\t\t<div class=\"elementor-spacer-inner\"><\/div>\n\t\t<\/div>\n\t\t\t\t<\/div>\n\t\t\t\t<\/div>\n\t\t\t\t<div class=\"elementor-element elementor-element-17799d8 elementor-grid-3 elementor-grid-tablet-2 elementor-grid-mobile-1 elementor-posts--thumbnail-top elementor-widget elementor-widget-posts\" data-id=\"17799d8\" data-element_type=\"widget\" data-settings=\"{&quot;classic_columns&quot;:&quot;3&quot;,&quot;classic_columns_tablet&quot;:&quot;2&quot;,&quot;classic_columns_mobile&quot;:&quot;1&quot;,&quot;classic_row_gap&quot;:{&quot;unit&quot;:&quot;px&quot;,&quot;size&quot;:35,&quot;sizes&quot;:[]},&quot;classic_row_gap_tablet&quot;:{&quot;unit&quot;:&quot;px&quot;,&quot;size&quot;:&quot;&quot;,&quot;sizes&quot;:[]},&quot;classic_row_gap_mobile&quot;:{&quot;unit&quot;:&quot;px&quot;,&quot;size&quot;:&quot;&quot;,&quot;sizes&quot;:[]}}\" data-widget_type=\"posts.classic\">\n\t\t\t\t<div class=\"elementor-widget-container\">\n\t\t\t\t\t<div class=\"elementor-posts-container elementor-posts elementor-posts--skin-classic elementor-grid\">\n\t\t\t\t<article class=\"elementor-post elementor-grid-item post-855 post type-post status-publish format-standard has-post-thumbnail hentry category-blog entry\">\n\t\t\t\t<a class=\"elementor-post__thumbnail__link\" href=\"https:\/\/baretocannabismadrid.com\/es\/blog\/la-nueva-era-del-cannabis-entre-laboratorios-y-maquinas-3d\/\" tabindex=\"-1\" >\n\t\t\t<div class=\"elementor-post__thumbnail\"><img fetchpriority=\"high\" decoding=\"async\" width=\"600\" height=\"578\" src=\"https:\/\/baretocannabismadrid.com\/wp-content\/uploads\/2025\/12\/tiny-woman-scientist-making-cannabis-600nw-2344595711.webp\" class=\"attachment-full size-full wp-image-856\" alt=\"\" style=\"width:100%;height:96.33%;max-width:600px\" srcset=\"https:\/\/baretocannabismadrid.com\/wp-content\/uploads\/2025\/12\/tiny-woman-scientist-making-cannabis-600nw-2344595711.webp 600w, https:\/\/baretocannabismadrid.com\/wp-content\/uploads\/2025\/12\/tiny-woman-scientist-making-cannabis-600nw-2344595711-300x289.webp 300w, https:\/\/baretocannabismadrid.com\/wp-content\/uploads\/2025\/12\/tiny-woman-scientist-making-cannabis-600nw-2344595711-12x12.webp 12w\" sizes=\"(max-width: 600px) 100vw, 600px\" \/><\/div>\n\t\t<\/a>\n\t\t\t\t<div class=\"elementor-post__text\">\n\t\t\t\t<h3 class=\"elementor-post__title\">\n\t\t\t<a href=\"https:\/\/baretocannabismadrid.com\/es\/blog\/la-nueva-era-del-cannabis-entre-laboratorios-y-maquinas-3d\/\" >\n\t\t\t\tLa Nueva Era del Cannabis: Entre Laboratorios y M\u00e1quinas 3D\t\t\t<\/a>\n\t\t<\/h3>\n\t\t\t\t<div class=\"elementor-post__meta-data\">\n\t\t\t\t\t<span class=\"elementor-post-date\">\n\t\t\tdiciembre 5, 2025\t\t<\/span>\n\t\t\t\t<span class=\"elementor-post-avatar\">\n\t\t\tNo hay comentarios\t\t<\/span>\n\t\t\t\t<\/div>\n\t\t\t\t<div class=\"elementor-post__excerpt\">\n\t\t\t<p>Una planta antigua con un destino futurista Durante siglos, el cannabis ha sido utilizado en distintas culturas por sus propiedades medicinales, espirituales e industriales. Hoy,<\/p>\n\t\t<\/div>\n\t\t\n\t\t<a class=\"elementor-post__read-more\" href=\"https:\/\/baretocannabismadrid.com\/es\/blog\/la-nueva-era-del-cannabis-entre-laboratorios-y-maquinas-3d\/\" aria-label=\"Read more about La Nueva Era del Cannabis: Entre Laboratorios y M\u00e1quinas 3D\" tabindex=\"-1\" >\n\t\t\tRead More \u00bb\t\t<\/a>\n\n\t\t\t\t<\/div>\n\t\t\t\t<\/article>\n\t\t\t\t<article class=\"elementor-post elementor-grid-item post-850 post type-post status-publish format-standard has-post-thumbnail hentry category-blog entry\">\n\t\t\t\t<a class=\"elementor-post__thumbnail__link\" href=\"https:\/\/baretocannabismadrid.com\/es\/blog\/del-asfalto-a-la-planta-la-integracion-del-cannabis-en-la-vida-urbana\/\" tabindex=\"-1\" >\n\t\t\t<div class=\"elementor-post__thumbnail\"><img decoding=\"async\" width=\"850\" height=\"638\" src=\"https:\/\/baretocannabismadrid.com\/wp-content\/uploads\/2025\/11\/desktop-wallpaper-great-e-cannabis-3d.jpg\" class=\"attachment-full size-full wp-image-851\" alt=\"\" style=\"width:100%;height:75.06%;max-width:850px\" srcset=\"https:\/\/baretocannabismadrid.com\/wp-content\/uploads\/2025\/11\/desktop-wallpaper-great-e-cannabis-3d.jpg 850w, https:\/\/baretocannabismadrid.com\/wp-content\/uploads\/2025\/11\/desktop-wallpaper-great-e-cannabis-3d-300x225.jpg 300w, https:\/\/baretocannabismadrid.com\/wp-content\/uploads\/2025\/11\/desktop-wallpaper-great-e-cannabis-3d-768x576.jpg 768w, https:\/\/baretocannabismadrid.com\/wp-content\/uploads\/2025\/11\/desktop-wallpaper-great-e-cannabis-3d-16x12.jpg 16w\" sizes=\"(max-width: 850px) 100vw, 850px\" \/><\/div>\n\t\t<\/a>\n\t\t\t\t<div class=\"elementor-post__text\">\n\t\t\t\t<h3 class=\"elementor-post__title\">\n\t\t\t<a href=\"https:\/\/baretocannabismadrid.com\/es\/blog\/del-asfalto-a-la-planta-la-integracion-del-cannabis-en-la-vida-urbana\/\" >\n\t\t\t\tDel Asfalto a la Planta: La Integraci\u00f3n del Cannabis en la Vida Urbana\t\t\t<\/a>\n\t\t<\/h3>\n\t\t\t\t<div class=\"elementor-post__meta-data\">\n\t\t\t\t\t<span class=\"elementor-post-date\">\n\t\t\tnoviembre 27, 2025\t\t<\/span>\n\t\t\t\t<span class=\"elementor-post-avatar\">\n\t\t\tNo hay comentarios\t\t<\/span>\n\t\t\t\t<\/div>\n\t\t\t\t<div class=\"elementor-post__excerpt\">\n\t\t\t<p>La ciudad, ese escenario de concreto, velocidad y ruido, est\u00e1 cambiando. En medio del caos urbano, una planta ancestral empieza a abrirse paso. No se<\/p>\n\t\t<\/div>\n\t\t\n\t\t<a class=\"elementor-post__read-more\" href=\"https:\/\/baretocannabismadrid.com\/es\/blog\/del-asfalto-a-la-planta-la-integracion-del-cannabis-en-la-vida-urbana\/\" aria-label=\"Read more about Del Asfalto a la Planta: La Integraci\u00f3n del Cannabis en la Vida Urbana\" tabindex=\"-1\" >\n\t\t\tRead More \u00bb\t\t<\/a>\n\n\t\t\t\t<\/div>\n\t\t\t\t<\/article>\n\t\t\t\t<article class=\"elementor-post elementor-grid-item post-845 post type-post status-publish format-standard has-post-thumbnail hentry category-blog entry\">\n\t\t\t\t<a class=\"elementor-post__thumbnail__link\" href=\"https:\/\/baretocannabismadrid.com\/es\/blog\/el-nuevo-perfil-del-usuario-cannabico-y-su-impacto-en-los-clubes-modernos\/\" tabindex=\"-1\" >\n\t\t\t<div class=\"elementor-post__thumbnail\"><img decoding=\"async\" width=\"643\" height=\"360\" src=\"https:\/\/baretocannabismadrid.com\/wp-content\/uploads\/2025\/11\/360_F_583322006_1lVXvt6p60voyOyqo7OZoc83JNJj9a0a.jpg\" class=\"attachment-full size-full wp-image-846\" alt=\"\" style=\"width:100%;height:55.99%;max-width:643px\" srcset=\"https:\/\/baretocannabismadrid.com\/wp-content\/uploads\/2025\/11\/360_F_583322006_1lVXvt6p60voyOyqo7OZoc83JNJj9a0a.jpg 643w, https:\/\/baretocannabismadrid.com\/wp-content\/uploads\/2025\/11\/360_F_583322006_1lVXvt6p60voyOyqo7OZoc83JNJj9a0a-300x168.jpg 300w, https:\/\/baretocannabismadrid.com\/wp-content\/uploads\/2025\/11\/360_F_583322006_1lVXvt6p60voyOyqo7OZoc83JNJj9a0a-18x10.jpg 18w\" sizes=\"(max-width: 643px) 100vw, 643px\" \/><\/div>\n\t\t<\/a>\n\t\t\t\t<div class=\"elementor-post__text\">\n\t\t\t\t<h3 class=\"elementor-post__title\">\n\t\t\t<a href=\"https:\/\/baretocannabismadrid.com\/es\/blog\/el-nuevo-perfil-del-usuario-cannabico-y-su-impacto-en-los-clubes-modernos\/\" >\n\t\t\t\tEl nuevo perfil del usuario cann\u00e1bico y su impacto en los clubes modernos\t\t\t<\/a>\n\t\t<\/h3>\n\t\t\t\t<div class=\"elementor-post__meta-data\">\n\t\t\t\t\t<span class=\"elementor-post-date\">\n\t\t\tnoviembre 20, 2025\t\t<\/span>\n\t\t\t\t<span class=\"elementor-post-avatar\">\n\t\t\tNo hay comentarios\t\t<\/span>\n\t\t\t\t<\/div>\n\t\t\t\t<div class=\"elementor-post__excerpt\">\n\t\t\t<p>Introducci\u00f3n&nbsp; El consumo de cannabis en Espa\u00f1a est\u00e1 viviendo una transformaci\u00f3n marcada por un p\u00fablico m\u00e1s atento, reflexivo y participativo. Este cambio ha impulsado a<\/p>\n\t\t<\/div>\n\t\t\n\t\t<a class=\"elementor-post__read-more\" href=\"https:\/\/baretocannabismadrid.com\/es\/blog\/el-nuevo-perfil-del-usuario-cannabico-y-su-impacto-en-los-clubes-modernos\/\" aria-label=\"Read more about El nuevo perfil del usuario cann\u00e1bico y su impacto en los clubes modernos\" tabindex=\"-1\" >\n\t\t\tRead More \u00bb\t\t<\/a>\n\n\t\t\t\t<\/div>\n\t\t\t\t<\/article>\n\t\t\t\t<article class=\"elementor-post elementor-grid-item post-842 post type-post status-publish format-standard has-post-thumbnail hentry category-blog entry\">\n\t\t\t\t<a class=\"elementor-post__thumbnail__link\" href=\"https:\/\/baretocannabismadrid.com\/es\/blog\/cultura-del-cannabis-en-espana-entre-la-tradicion-la-libertad-y-la-comunidad\/\" tabindex=\"-1\" >\n\t\t\t<div class=\"elementor-post__thumbnail\"><img loading=\"lazy\" decoding=\"async\" width=\"1344\" height=\"768\" src=\"https:\/\/baretocannabismadrid.com\/wp-content\/uploads\/2025\/11\/clube-cannabico-em-madrid.jpg\" class=\"attachment-full size-full wp-image-843\" alt=\"\" style=\"width:100%;height:57.14%;max-width:1344px\" srcset=\"https:\/\/baretocannabismadrid.com\/wp-content\/uploads\/2025\/11\/clube-cannabico-em-madrid.jpg 1344w, https:\/\/baretocannabismadrid.com\/wp-content\/uploads\/2025\/11\/clube-cannabico-em-madrid-300x171.jpg 300w, https:\/\/baretocannabismadrid.com\/wp-content\/uploads\/2025\/11\/clube-cannabico-em-madrid-1024x585.jpg 1024w, https:\/\/baretocannabismadrid.com\/wp-content\/uploads\/2025\/11\/clube-cannabico-em-madrid-768x439.jpg 768w, https:\/\/baretocannabismadrid.com\/wp-content\/uploads\/2025\/11\/clube-cannabico-em-madrid-18x10.jpg 18w\" sizes=\"(max-width: 1344px) 100vw, 1344px\" \/><\/div>\n\t\t<\/a>\n\t\t\t\t<div class=\"elementor-post__text\">\n\t\t\t\t<h3 class=\"elementor-post__title\">\n\t\t\t<a href=\"https:\/\/baretocannabismadrid.com\/es\/blog\/cultura-del-cannabis-en-espana-entre-la-tradicion-la-libertad-y-la-comunidad\/\" >\n\t\t\t\tCultura del Cannabis en Espa\u00f1a \u2013 Entre la Tradici\u00f3n, la Libertad y la Comunidad\t\t\t<\/a>\n\t\t<\/h3>\n\t\t\t\t<div class=\"elementor-post__meta-data\">\n\t\t\t\t\t<span class=\"elementor-post-date\">\n\t\t\tnoviembre 13, 2025\t\t<\/span>\n\t\t\t\t<span class=\"elementor-post-avatar\">\n\t\t\tNo hay comentarios\t\t<\/span>\n\t\t\t\t<\/div>\n\t\t\t\t<div class=\"elementor-post__excerpt\">\n\t\t\t<p>Introducci\u00f3n: Una visi\u00f3n moderna del cannabis Espa\u00f1a se ha convertido en uno de los pa\u00edses europeos donde la cultura del cannabis ha evolucionado de forma<\/p>\n\t\t<\/div>\n\t\t\n\t\t<a class=\"elementor-post__read-more\" href=\"https:\/\/baretocannabismadrid.com\/es\/blog\/cultura-del-cannabis-en-espana-entre-la-tradicion-la-libertad-y-la-comunidad\/\" aria-label=\"Read more about Cultura del Cannabis en Espa\u00f1a \u2013 Entre la Tradici\u00f3n, la Libertad y la Comunidad\" tabindex=\"-1\" >\n\t\t\tRead More \u00bb\t\t<\/a>\n\n\t\t\t\t<\/div>\n\t\t\t\t<\/article>\n\t\t\t\t<article class=\"elementor-post elementor-grid-item post-838 post type-post status-publish format-standard has-post-thumbnail hentry category-blog entry\">\n\t\t\t\t<a class=\"elementor-post__thumbnail__link\" href=\"https:\/\/baretocannabismadrid.com\/es\/blog\/el-futuro-tiene-olor-a-verde\/\" tabindex=\"-1\" >\n\t\t\t<div class=\"elementor-post__thumbnail\"><img loading=\"lazy\" decoding=\"async\" width=\"500\" height=\"300\" src=\"https:\/\/baretocannabismadrid.com\/wp-content\/uploads\/2025\/11\/diferenca-entre-sativa-e-indica.jpg\" class=\"attachment-full size-full wp-image-839\" alt=\"\" style=\"width:100%;height:60%;max-width:500px\" srcset=\"https:\/\/baretocannabismadrid.com\/wp-content\/uploads\/2025\/11\/diferenca-entre-sativa-e-indica.jpg 500w, https:\/\/baretocannabismadrid.com\/wp-content\/uploads\/2025\/11\/diferenca-entre-sativa-e-indica-300x180.jpg 300w, https:\/\/baretocannabismadrid.com\/wp-content\/uploads\/2025\/11\/diferenca-entre-sativa-e-indica-18x12.jpg 18w\" sizes=\"(max-width: 500px) 100vw, 500px\" \/><\/div>\n\t\t<\/a>\n\t\t\t\t<div class=\"elementor-post__text\">\n\t\t\t\t<h3 class=\"elementor-post__title\">\n\t\t\t<a href=\"https:\/\/baretocannabismadrid.com\/es\/blog\/el-futuro-tiene-olor-a-verde\/\" >\n\t\t\t\tEl Futuro Tiene Olor a Verde\t\t\t<\/a>\n\t\t<\/h3>\n\t\t\t\t<div class=\"elementor-post__meta-data\">\n\t\t\t\t\t<span class=\"elementor-post-date\">\n\t\t\tnoviembre 6, 2025\t\t<\/span>\n\t\t\t\t<span class=\"elementor-post-avatar\">\n\t\t\tNo hay comentarios\t\t<\/span>\n\t\t\t\t<\/div>\n\t\t\t\t<div class=\"elementor-post__excerpt\">\n\t\t\t<p>Un nuevo aroma en el aire Algo est\u00e1 cambiando. No se ve, pero se siente. El aire de las ciudades empieza a mezclarse con un<\/p>\n\t\t<\/div>\n\t\t\n\t\t<a class=\"elementor-post__read-more\" href=\"https:\/\/baretocannabismadrid.com\/es\/blog\/el-futuro-tiene-olor-a-verde\/\" aria-label=\"Read more about El Futuro Tiene Olor a Verde\" tabindex=\"-1\" >\n\t\t\tRead More \u00bb\t\t<\/a>\n\n\t\t\t\t<\/div>\n\t\t\t\t<\/article>\n\t\t\t\t<article class=\"elementor-post elementor-grid-item post-835 post type-post status-publish format-standard has-post-thumbnail hentry category-blog entry\">\n\t\t\t\t<a class=\"elementor-post__thumbnail__link\" href=\"https:\/\/baretocannabismadrid.com\/es\/blog\/juventud-y-cannabis-como-la-nueva-generacion-ve-la-legalizacion-en-espana\/\" tabindex=\"-1\" >\n\t\t\t<div class=\"elementor-post__thumbnail\"><img loading=\"lazy\" decoding=\"async\" width=\"1024\" height=\"1024\" src=\"https:\/\/baretocannabismadrid.com\/wp-content\/uploads\/2025\/10\/08a29287-c6cc-4807-b478-35317bf3f740.jpeg\" class=\"attachment-full size-full wp-image-836\" alt=\"\" style=\"width:100%;height:100%;max-width:1024px\" srcset=\"https:\/\/baretocannabismadrid.com\/wp-content\/uploads\/2025\/10\/08a29287-c6cc-4807-b478-35317bf3f740.jpeg 1024w, https:\/\/baretocannabismadrid.com\/wp-content\/uploads\/2025\/10\/08a29287-c6cc-4807-b478-35317bf3f740-300x300.jpeg 300w, https:\/\/baretocannabismadrid.com\/wp-content\/uploads\/2025\/10\/08a29287-c6cc-4807-b478-35317bf3f740-150x150.jpeg 150w, https:\/\/baretocannabismadrid.com\/wp-content\/uploads\/2025\/10\/08a29287-c6cc-4807-b478-35317bf3f740-768x768.jpeg 768w, https:\/\/baretocannabismadrid.com\/wp-content\/uploads\/2025\/10\/08a29287-c6cc-4807-b478-35317bf3f740-12x12.jpeg 12w\" sizes=\"(max-width: 1024px) 100vw, 1024px\" \/><\/div>\n\t\t<\/a>\n\t\t\t\t<div class=\"elementor-post__text\">\n\t\t\t\t<h3 class=\"elementor-post__title\">\n\t\t\t<a href=\"https:\/\/baretocannabismadrid.com\/es\/blog\/juventud-y-cannabis-como-la-nueva-generacion-ve-la-legalizacion-en-espana\/\" >\n\t\t\t\tJuventud y Cannabis: C\u00f3mo la Nueva Generaci\u00f3n Ve la Legalizaci\u00f3n en Espa\u00f1a\t\t\t<\/a>\n\t\t<\/h3>\n\t\t\t\t<div class=\"elementor-post__meta-data\">\n\t\t\t\t\t<span class=\"elementor-post-date\">\n\t\t\toctubre 30, 2025\t\t<\/span>\n\t\t\t\t<span class=\"elementor-post-avatar\">\n\t\t\tNo hay comentarios\t\t<\/span>\n\t\t\t\t<\/div>\n\t\t\t\t<div class=\"elementor-post__excerpt\">\n\t\t\t<p>La percepci\u00f3n del cannabis entre los j\u00f3venes espa\u00f1oles est\u00e1 cambiando r\u00e1pidamente. Mientras generaciones anteriores ve\u00edan la planta con estigma o temor, la nueva generaci\u00f3n la<\/p>\n\t\t<\/div>\n\t\t\n\t\t<a class=\"elementor-post__read-more\" href=\"https:\/\/baretocannabismadrid.com\/es\/blog\/juventud-y-cannabis-como-la-nueva-generacion-ve-la-legalizacion-en-espana\/\" aria-label=\"Read more about Juventud y Cannabis: C\u00f3mo la Nueva Generaci\u00f3n Ve la Legalizaci\u00f3n en Espa\u00f1a\" tabindex=\"-1\" >\n\t\t\tRead More \u00bb\t\t<\/a>\n\n\t\t\t\t<\/div>\n\t\t\t\t<\/article>\n\t\t\t\t<\/div>\n\t\t\n\t\t\t\t<\/div>\n\t\t\t\t<\/div>\n\t\t\t\t<div class=\"elementor-element elementor-element-9439630 elementor-widget elementor-widget-spacer\" data-id=\"9439630\" data-element_type=\"widget\" data-widget_type=\"spacer.default\">\n\t\t\t\t<div class=\"elementor-widget-container\">\n\t\t\t\t\t<div class=\"elementor-spacer\">\n\t\t\t<div class=\"elementor-spacer-inner\"><\/div>\n\t\t<\/div>\n\t\t\t\t<\/div>\n\t\t\t\t<\/div>\n\t\t\t\t\t<\/div>\n\t\t<\/div>\n\t\t\t\t\t<\/div>\n\t\t<\/section>\n\t\t\t\t<\/div>","protected":false},"excerpt":{"rendered":"<p>BARTO CLUB | BLOG<\/p>","protected":false},"author":1,"featured_media":0,"parent":0,"menu_order":0,"comment_status":"closed","ping_status":"closed","template":"elementor_header_footer","meta":{"om_disable_all_campaigns":false,"_monsterinsights_skip_tracking":false,"_monsterinsights_sitenote_active":false,"_monsterinsights_sitenote_note":"","_monsterinsights_sitenote_category":0,"_uf_show_specific_survey":0,"_uf_disable_surveys":false,"footnotes":""},"class_list":["post-516","page","type-page","status-publish","hentry","entry"],"aioseo_notices":[],"_links":{"self":[{"href":"https:\/\/baretocannabismadrid.com\/es\/wp-json\/wp\/v2\/pages\/516","targetHints":{"allow":["GET"]}}],"collection":[{"href":"https:\/\/baretocannabismadrid.com\/es\/wp-json\/wp\/v2\/pages"}],"about":[{"href":"https:\/\/baretocannabismadrid.com\/es\/wp-json\/wp\/v2\/types\/page"}],"author":[{"embeddable":true,"href":"https:\/\/baretocannabismadrid.com\/es\/wp-json\/wp\/v2\/users\/1"}],"replies":[{"embeddable":true,"href":"https:\/\/baretocannabismadrid.com\/es\/wp-json\/wp\/v2\/comments?post=516"}],"version-history":[{"count":16,"href":"https:\/\/baretocannabismadrid.com\/es\/wp-json\/wp\/v2\/pages\/516\/revisions"}],"predecessor-version":[{"id":538,"href":"https:\/\/baretocannabismadrid.com\/es\/wp-json\/wp\/v2\/pages\/516\/revisions\/538"}],"wp:attachment":[{"href":"https:\/\/baretocannabismadrid.com\/es\/wp-json\/wp\/v2\/media?parent=516"}],"curies":[{"name":"wp","href":"https:\/\/api.w.org\/{rel}","templated":true}]}}